{"id":28,"date":"2024-08-24T19:23:18","date_gmt":"2024-08-24T19:23:18","guid":{"rendered":"https:\/\/dev.situati.com\/2024\/?page_id=28"},"modified":"2024-08-29T19:30:08","modified_gmt":"2024-08-29T19:30:08","slug":"empresa","status":"publish","type":"page","link":"https:\/\/dev.situati.com.br\/2026\/empresa\/","title":{"rendered":"Empresa"},"content":{"rendered":"\t\t<div data-elementor-type=\"wp-page\" data-elementor-id=\"28\" class=\"elementor elementor-28\" data-elementor-post-type=\"page\">\n\t\t\t\t<div class=\"elementor-element elementor-element-ea15ae1 e-flex e-con-boxed e-con e-parent\" data-id=\"ea15ae1\" data-element_type=\"container\" data-e-type=\"container\" data-settings=\"{&quot;background_background&quot;:&quot;classic&quot;,&quot;jet_parallax_layout_list&quot;:[]}\">\n\t\t\t\t\t<div class=\"e-con-inner\">\n\t\t<div class=\"elementor-element elementor-element-b6cb745 e-flex e-con-boxed e-con e-child\" data-id=\"b6cb745\" data-element_type=\"container\" data-e-type=\"container\" data-settings=\"{&quot;jet_parallax_layout_list&quot;:[]}\">\n\t\t\t\t\t<div class=\"e-con-inner\">\n\t\t\t\t<div class=\"elementor-element elementor-element-ef8e1d6 elementor-widget elementor-widget-heading\" data-id=\"ef8e1d6\" data-element_type=\"widget\" data-e-type=\"widget\" data-widget_type=\"heading.default\">\n\t\t\t\t<div class=\"elementor-widget-container\">\n\t\t\t\t\t<h1 class=\"elementor-heading-title elementor-size-default\">Conte com nossa experi\u00eancia para desenvolver seu projeto<\/h1>\t\t\t\t<\/div>\n\t\t\t\t<\/div>\n\t\t\t\t\t<\/div>\n\t\t\t\t<\/div>\n\t\t\t\t\t<\/div>\n\t\t\t\t<\/div>\n\t\t<div class=\"elementor-element elementor-element-1a571d90 e-flex e-con-boxed e-con e-parent\" data-id=\"1a571d90\" data-element_type=\"container\" data-e-type=\"container\" data-settings=\"{&quot;background_background&quot;:&quot;classic&quot;,&quot;jet_parallax_layout_list&quot;:[]}\">\n\t\t\t\t\t<div class=\"e-con-inner\">\n\t\t\t\t<div class=\"elementor-element elementor-element-d3d3eff elementor-widget elementor-widget-text-editor\" data-id=\"d3d3eff\" data-element_type=\"widget\" data-e-type=\"widget\" data-widget_type=\"text-editor.default\">\n\t\t\t\t<div class=\"elementor-widget-container\">\n\t\t\t\t\t\t\t\t\t<p>&#8211; Somos uma ag\u00eancia de desenvolvimento web que ajuda empresas a se destacarem da concorr\u00eancia no ambiente digital.<\/p>\t\t\t\t\t\t\t\t<\/div>\n\t\t\t\t<\/div>\n\t\t\t\t<div class=\"elementor-element elementor-element-63d345c elementor-widget elementor-widget-text-editor\" data-id=\"63d345c\" data-element_type=\"widget\" data-e-type=\"widget\" data-widget_type=\"text-editor.default\">\n\t\t\t\t<div class=\"elementor-widget-container\">\n\t\t\t\t\t\t\t\t\t<p>&#8211; Acreditamos em pre\u00e7os justos e uma forma transparente de fazer neg\u00f3cios, visando uma parceria duradoura.<\/p>\t\t\t\t\t\t\t\t<\/div>\n\t\t\t\t<\/div>\n\t\t\t\t<div class=\"elementor-element elementor-element-3fb176d elementor-widget elementor-widget-image\" data-id=\"3fb176d\" data-element_type=\"widget\" data-e-type=\"widget\" data-widget_type=\"image.default\">\n\t\t\t\t<div class=\"elementor-widget-container\">\n\t\t\t\t\t\t\t\t\t\t\t\t\t\t\t<img fetchpriority=\"high\" decoding=\"async\" width=\"1024\" height=\"1024\" src=\"https:\/\/dev.situati.com.br\/2026\/wp-content\/uploads\/2024\/08\/projeto_v1.svg\" class=\"attachment-large size-large wp-image-1128\" alt=\"Situati Empresa Projetos\" \/>\t\t\t\t\t\t\t\t\t\t\t\t\t\t\t<\/div>\n\t\t\t\t<\/div>\n\t\t\t\t<div class=\"elementor-element elementor-element-500cbbfa elementor-invisible elementor-widget elementor-widget-heading\" data-id=\"500cbbfa\" data-element_type=\"widget\" data-e-type=\"widget\" data-settings=\"{&quot;_animation&quot;:&quot;fadeIn&quot;}\" data-widget_type=\"heading.default\">\n\t\t\t\t<div class=\"elementor-widget-container\">\n\t\t\t\t\t<h2 class=\"elementor-heading-title elementor-size-default\">Obtenha um novo site otimizado e preparado para conquistar as melhores taxas de convers\u00e3o<\/h2>\t\t\t\t<\/div>\n\t\t\t\t<\/div>\n\t\t\t\t<div class=\"elementor-element elementor-element-07ca990 elementor-widget elementor-widget-text-editor\" data-id=\"07ca990\" data-element_type=\"widget\" data-e-type=\"widget\" data-widget_type=\"text-editor.default\">\n\t\t\t\t<div class=\"elementor-widget-container\">\n\t\t\t\t\t\t\t\t\t<p>Solu\u00e7\u00f5es pr\u00e1ticas e acess\u00edveis para suas necessidades on-line. Sites habilitados para e-commerce com o melhor custo-benef\u00edcio, sem taxas ocultas. Nosso objetivo \u00e9 fazer com que seu neg\u00f3cio seja o mais atual, seguro e eficaz poss\u00edvel, para que voc\u00ea possa administrar sua empresa, sem as preocupa\u00e7\u00f5es associadas \u00e0 atualiza\u00e7\u00e3o, configura\u00e7\u00e3o, manuten\u00e7\u00e3o e seguran\u00e7a.<\/p>\t\t\t\t\t\t\t\t<\/div>\n\t\t\t\t<\/div>\n\t\t\t\t<div class=\"elementor-element elementor-element-7af0f16 elementor-widget elementor-widget-image\" data-id=\"7af0f16\" data-element_type=\"widget\" data-e-type=\"widget\" data-widget_type=\"image.default\">\n\t\t\t\t<div class=\"elementor-widget-container\">\n\t\t\t\t\t\t\t\t\t\t\t\t\t\t\t<img decoding=\"async\" width=\"1024\" height=\"1024\" src=\"https:\/\/dev.situati.com.br\/2026\/wp-content\/uploads\/2024\/08\/campanhas_v2.svg\" class=\"attachment-large size-large wp-image-1129\" alt=\"Campanhas Situati Compliance ROI\" \/>\t\t\t\t\t\t\t\t\t\t\t\t\t\t\t<\/div>\n\t\t\t\t<\/div>\n\t\t\t\t\t<\/div>\n\t\t\t\t<\/div>\n\t\t\t\t<\/div>\n\t\t","protected":false},"excerpt":{"rendered":"<p>Conte com nossa experi\u00eancia para desenvolver seu projeto &#8211; Somos uma ag\u00eancia de desenvolvimento web que ajuda empresas a se destacarem da concorr\u00eancia no ambiente digital. &#8211; Acreditamos em pre\u00e7os justos e uma forma transparente de fazer neg\u00f3cios, visando uma parceria duradoura. Obtenha um novo site otimizado e preparado para conquistar as melhores taxas de &#8230; <a title=\"Empresa\" class=\"read-more\" href=\"https:\/\/dev.situati.com.br\/2026\/empresa\/\" aria-label=\"Read more about Empresa\">Ler mais<\/a><\/p>\n","protected":false},"author":1,"featured_media":0,"parent":0,"menu_order":0,"comment_status":"closed","ping_status":"closed","template":"elementor_header_footer","meta":{"_acf_changed":false,"inline_featured_image":false,"footnotes":""},"class_list":["post-28","page","type-page","status-publish"],"acf":[],"_links":{"self":[{"href":"https:\/\/dev.situati.com.br\/2026\/wp-json\/wp\/v2\/pages\/28","targetHints":{"allow":["GET"]}}],"collection":[{"href":"https:\/\/dev.situati.com.br\/2026\/wp-json\/wp\/v2\/pages"}],"about":[{"href":"https:\/\/dev.situati.com.br\/2026\/wp-json\/wp\/v2\/types\/page"}],"author":[{"embeddable":true,"href":"https:\/\/dev.situati.com.br\/2026\/wp-json\/wp\/v2\/users\/1"}],"replies":[{"embeddable":true,"href":"https:\/\/dev.situati.com.br\/2026\/wp-json\/wp\/v2\/comments?post=28"}],"version-history":[{"count":63,"href":"https:\/\/dev.situati.com.br\/2026\/wp-json\/wp\/v2\/pages\/28\/revisions"}],"predecessor-version":[{"id":1135,"href":"https:\/\/dev.situati.com.br\/2026\/wp-json\/wp\/v2\/pages\/28\/revisions\/1135"}],"wp:attachment":[{"href":"https:\/\/dev.situati.com.br\/2026\/wp-json\/wp\/v2\/media?parent=28"}],"curies":[{"name":"wp","href":"https:\/\/api.w.org\/{rel}","templated":true}]}}