{"id":36,"date":"2026-02-20T01:56:04","date_gmt":"2026-02-20T01:56:04","guid":{"rendered":"https:\/\/dev.situati.com.br\/novo\/?page_id=36"},"modified":"2026-02-23T11:24:55","modified_gmt":"2026-02-23T11:24:55","slug":"empresa","status":"publish","type":"page","link":"https:\/\/dev.situati.com.br\/novo\/empresa\/","title":{"rendered":"Empresa"},"content":{"rendered":"\t\t<div data-elementor-type=\"wp-page\" data-elementor-id=\"36\" class=\"elementor elementor-36\" data-elementor-post-type=\"page\">\n\t\t\t\t<div class=\"elementor-element elementor-element-28025cc e-flex e-con-boxed e-con e-parent\" data-id=\"28025cc\" data-element_type=\"container\" data-e-type=\"container\" data-settings=\"{&quot;background_background&quot;:&quot;classic&quot;}\">\n\t\t\t\t\t<div class=\"e-con-inner\">\n\t\t<div class=\"elementor-element elementor-element-9230800 e-con-full e-flex e-con e-child\" data-id=\"9230800\" data-element_type=\"container\" data-e-type=\"container\">\n\t\t\t\t<div class=\"elementor-element elementor-element-3db7d81 elementor-widget elementor-widget-heading\" data-id=\"3db7d81\" data-element_type=\"widget\" data-e-type=\"widget\" data-widget_type=\"heading.default\">\n\t\t\t\t\t<h1 class=\"elementor-heading-title elementor-size-default\">Projetos desenvolvidos para estabilidade e longevidade tecnol\u00f3gica.\u200b<\/h1>\t\t\t\t<\/div>\n\t\t\t\t<div class=\"elementor-element elementor-element-2e4e490 elementor-widget elementor-widget-heading\" data-id=\"2e4e490\" data-element_type=\"widget\" data-e-type=\"widget\" data-widget_type=\"heading.default\">\n\t\t\t\t\t<p class=\"elementor-heading-title elementor-size-default\">A Situati projeta e opera ecossistemas digitais utilizados por institui\u00e7\u00f5es e organiza\u00e7\u00f5es que exigem estabilidade e seguran\u00e7a.<\/p>\t\t\t\t<\/div>\n\t\t\t\t<\/div>\n\t\t\t\t\t<\/div>\n\t\t\t\t<\/div>\n\t\t<div class=\"elementor-element elementor-element-75a151f e-flex e-con-boxed e-con e-parent\" data-id=\"75a151f\" data-element_type=\"container\" data-e-type=\"container\" data-settings=\"{&quot;background_background&quot;:&quot;classic&quot;}\">\n\t\t\t\t\t<div class=\"e-con-inner\">\n\t\t<div class=\"elementor-element elementor-element-aeec663 e-con-full e-flex e-con e-child\" data-id=\"aeec663\" data-element_type=\"container\" data-e-type=\"container\">\n\t\t<div class=\"elementor-element elementor-element-1c789b9 e-con-full e-flex e-con e-child\" data-id=\"1c789b9\" data-element_type=\"container\" data-e-type=\"container\" data-settings=\"{&quot;background_background&quot;:&quot;classic&quot;}\">\n\t\t\t\t<div class=\"elementor-element elementor-element-776ea3f elementor-widget__width-initial elementor-view-default elementor-widget elementor-widget-icon\" data-id=\"776ea3f\" data-element_type=\"widget\" data-e-type=\"widget\" data-widget_type=\"icon.default\">\n\t\t\t\t\t\t\t<div class=\"elementor-icon-wrapper\">\n\t\t\t<div class=\"elementor-icon\">\n\t\t\t<svg aria-hidden=\"true\" class=\"e-font-icon-svg e-fab-contao\" viewBox=\"0 0 512 512\" xmlns=\"http:\/\/www.w3.org\/2000\/svg\"><path d=\"M45.4 305c14.4 67.1 26.4 129 68.2 175H34c-18.7 0-34-15.2-34-34V66c0-18.7 15.2-34 34-34h57.7C77.9 44.6 65.6 59.2 54.8 75.6c-45.4 70-27 146.8-9.4 229.4zM478 32h-90.2c21.4 21.4 39.2 49.5 52.7 84.1l-137.1 29.3c-14.9-29-37.8-53.3-82.6-43.9-24.6 5.3-41 19.3-48.3 34.6-8.8 18.7-13.2 39.8 8.2 140.3 21.1 100.2 33.7 117.7 49.5 131.2 12.9 11.1 33.4 17 58.3 11.7 44.5-9.4 55.7-40.7 57.4-73.2l137.4-29.6c3.2 71.5-18.7 125.2-57.4 163.6H478c18.7 0 34-15.2 34-34V66c0-18.8-15.2-34-34-34z\"><\/path><\/svg>\t\t\t<\/div>\n\t\t<\/div>\n\t\t\t\t\t\t<\/div>\n\t\t<div class=\"elementor-element elementor-element-0775aaa e-con-full e-flex e-con e-child\" data-id=\"0775aaa\" data-element_type=\"container\" data-e-type=\"container\">\n\t\t\t\t<div class=\"elementor-element elementor-element-3c5fca6 elementor-widget elementor-widget-heading\" data-id=\"3c5fca6\" data-element_type=\"widget\" data-e-type=\"widget\" data-widget_type=\"heading.default\">\n\t\t\t\t\t<h3 class=\"elementor-heading-title elementor-size-default\">Uma abordagem orientada \u00e0 engenharia e confiabilidade<\/h3>\t\t\t\t<\/div>\n\t\t\t\t<div class=\"elementor-element elementor-element-712b6c8 elementor-widget elementor-widget-heading\" data-id=\"712b6c8\" data-element_type=\"widget\" data-e-type=\"widget\" data-widget_type=\"heading.default\">\n\t\t\t\t\t<p class=\"elementor-heading-title elementor-size-default\">Cada plataforma \u00e9 concebida como infraestrutura cr\u00edtica, com foco em desempenho, escalabilidade e controle.<\/p>\t\t\t\t<\/div>\n\t\t\t\t<\/div>\n\t\t\t\t<\/div>\n\t\t<div class=\"elementor-element elementor-element-f3a542b e-con-full e-flex e-con e-child\" data-id=\"f3a542b\" data-element_type=\"container\" data-e-type=\"container\" data-settings=\"{&quot;background_background&quot;:&quot;classic&quot;}\">\n\t\t\t\t<div class=\"elementor-element elementor-element-63eb39b elementor-widget__width-initial elementor-view-default elementor-widget elementor-widget-icon\" data-id=\"63eb39b\" data-element_type=\"widget\" data-e-type=\"widget\" data-widget_type=\"icon.default\">\n\t\t\t\t\t\t\t<div class=\"elementor-icon-wrapper\">\n\t\t\t<div class=\"elementor-icon\">\n\t\t\t<svg aria-hidden=\"true\" class=\"e-font-icon-svg e-fab-contao\" viewBox=\"0 0 512 512\" xmlns=\"http:\/\/www.w3.org\/2000\/svg\"><path d=\"M45.4 305c14.4 67.1 26.4 129 68.2 175H34c-18.7 0-34-15.2-34-34V66c0-18.7 15.2-34 34-34h57.7C77.9 44.6 65.6 59.2 54.8 75.6c-45.4 70-27 146.8-9.4 229.4zM478 32h-90.2c21.4 21.4 39.2 49.5 52.7 84.1l-137.1 29.3c-14.9-29-37.8-53.3-82.6-43.9-24.6 5.3-41 19.3-48.3 34.6-8.8 18.7-13.2 39.8 8.2 140.3 21.1 100.2 33.7 117.7 49.5 131.2 12.9 11.1 33.4 17 58.3 11.7 44.5-9.4 55.7-40.7 57.4-73.2l137.4-29.6c3.2 71.5-18.7 125.2-57.4 163.6H478c18.7 0 34-15.2 34-34V66c0-18.8-15.2-34-34-34z\"><\/path><\/svg>\t\t\t<\/div>\n\t\t<\/div>\n\t\t\t\t\t\t<\/div>\n\t\t<div class=\"elementor-element elementor-element-60e60f9 e-con-full e-flex e-con e-child\" data-id=\"60e60f9\" data-element_type=\"container\" data-e-type=\"container\">\n\t\t\t\t<div class=\"elementor-element elementor-element-65ba4ea elementor-widget elementor-widget-heading\" data-id=\"65ba4ea\" data-element_type=\"widget\" data-e-type=\"widget\" data-widget_type=\"heading.default\">\n\t\t\t\t\t<h3 class=\"elementor-heading-title elementor-size-default\">Infraestrutura operada continuamente<\/h3>\t\t\t\t<\/div>\n\t\t\t\t<div class=\"elementor-element elementor-element-9851622 elementor-widget elementor-widget-heading\" data-id=\"9851622\" data-element_type=\"widget\" data-e-type=\"widget\" data-widget_type=\"heading.default\">\n\t\t\t\t\t<p class=\"elementor-heading-title elementor-size-default\">Opera\u00e7\u00e3o cont\u00ednua de plataformas digitais com rigor t\u00e9cnico e foco em estabilidade.<\/p>\t\t\t\t<\/div>\n\t\t\t\t<\/div>\n\t\t\t\t<\/div>\n\t\t\t\t<\/div>\n\t\t\t\t\t<\/div>\n\t\t\t\t<\/div>\n\t\t<div class=\"elementor-element elementor-element-df33072 e-flex e-con-boxed e-con e-parent\" data-id=\"df33072\" data-element_type=\"container\" data-e-type=\"container\" data-settings=\"{&quot;background_background&quot;:&quot;classic&quot;}\">\n\t\t\t\t\t<div class=\"e-con-inner\">\n\t\t<div class=\"elementor-element elementor-element-3b73d5b e-con-full e-flex e-con e-child\" data-id=\"3b73d5b\" data-element_type=\"container\" data-e-type=\"container\">\n\t\t<div class=\"elementor-element elementor-element-3938433 e-con-full e-flex e-con e-child\" data-id=\"3938433\" data-element_type=\"container\" data-e-type=\"container\">\n\t\t\t\t<div class=\"elementor-element elementor-element-1762e5d elementor-widget elementor-widget-heading\" data-id=\"1762e5d\" data-element_type=\"widget\" data-e-type=\"widget\" data-widget_type=\"heading.default\">\n\t\t\t\t\t<h1 class=\"elementor-heading-title elementor-size-default\">Temos solu\u00e7\u00f5es sob medida para seu projeto<\/h1>\t\t\t\t<\/div>\n\t\t\t\t<div class=\"elementor-element elementor-element-44fa98d elementor-widget elementor-widget-heading\" data-id=\"44fa98d\" data-element_type=\"widget\" data-e-type=\"widget\" data-widget_type=\"heading.default\">\n\t\t\t\t\t<p class=\"elementor-heading-title elementor-size-default\">Nossa equipe est\u00e1 pronta para entender suas necessidades e projetar a infraestrutura digital ideal\n<\/p>\t\t\t\t<\/div>\n\t\t\t\t<\/div>\n\t\t<div class=\"elementor-element elementor-element-d461c5a e-con-full e-flex e-con e-child\" data-id=\"d461c5a\" data-element_type=\"container\" data-e-type=\"container\">\n\t\t\t\t<div class=\"elementor-element elementor-element-3745cb7 elementor-widget elementor-widget-button\" data-id=\"3745cb7\" data-element_type=\"widget\" data-e-type=\"widget\" data-widget_type=\"button.default\">\n\t\t\t\t\t\t\t\t\t\t<a class=\"elementor-button elementor-button-link elementor-size-sm\" href=\"https:\/\/dev.situati.com.br\/novo\/index.php\/contato\/\">\n\t\t\t\t\t\t<span class=\"elementor-button-content-wrapper\">\n\t\t\t\t\t\t\t\t\t<span class=\"elementor-button-text\">Contato<\/span>\n\t\t\t\t\t<\/span>\n\t\t\t\t\t<\/a>\n\t\t\t\t\t\t\t\t<\/div>\n\t\t\t\t<\/div>\n\t\t\t\t<\/div>\n\t\t\t\t\t<\/div>\n\t\t\t\t<\/div>\n\t\t\t\t<\/div>\n\t\t","protected":false},"excerpt":{"rendered":"<p>Projetos desenvolvidos para estabilidade e longevidade tecnol\u00f3gica.\u200b A Situati projeta e opera ecossistemas digitais utilizados por institui\u00e7\u00f5es e organiza\u00e7\u00f5es que exigem estabilidade e seguran\u00e7a. Uma abordagem orientada \u00e0 engenharia e confiabilidade Cada plataforma \u00e9 concebida como infraestrutura cr\u00edtica, com foco em desempenho, escalabilidade e controle. Infraestrutura operada continuamente Opera\u00e7\u00e3o cont\u00ednua de plataformas digitais com rigor &#8230; <a title=\"Empresa\" class=\"read-more\" href=\"https:\/\/dev.situati.com.br\/novo\/empresa\/\" aria-label=\"Read more about Empresa\">Read more<\/a><\/p>\n","protected":false},"author":1,"featured_media":0,"parent":0,"menu_order":0,"comment_status":"closed","ping_status":"closed","template":"elementor_header_footer","meta":{"_acf_changed":false,"footnotes":""},"class_list":["post-36","page","type-page","status-publish"],"acf":[],"_links":{"self":[{"href":"https:\/\/dev.situati.com.br\/novo\/wp-json\/wp\/v2\/pages\/36","targetHints":{"allow":["GET"]}}],"collection":[{"href":"https:\/\/dev.situati.com.br\/novo\/wp-json\/wp\/v2\/pages"}],"about":[{"href":"https:\/\/dev.situati.com.br\/novo\/wp-json\/wp\/v2\/types\/page"}],"author":[{"embeddable":true,"href":"https:\/\/dev.situati.com.br\/novo\/wp-json\/wp\/v2\/users\/1"}],"replies":[{"embeddable":true,"href":"https:\/\/dev.situati.com.br\/novo\/wp-json\/wp\/v2\/comments?post=36"}],"version-history":[{"count":22,"href":"https:\/\/dev.situati.com.br\/novo\/wp-json\/wp\/v2\/pages\/36\/revisions"}],"predecessor-version":[{"id":267,"href":"https:\/\/dev.situati.com.br\/novo\/wp-json\/wp\/v2\/pages\/36\/revisions\/267"}],"wp:attachment":[{"href":"https:\/\/dev.situati.com.br\/novo\/wp-json\/wp\/v2\/media?parent=36"}],"curies":[{"name":"wp","href":"https:\/\/api.w.org\/{rel}","templated":true}]}}