{"id":38,"date":"2026-02-20T01:56:42","date_gmt":"2026-02-20T01:56:42","guid":{"rendered":"https:\/\/dev.situati.com.br\/novo\/?page_id=38"},"modified":"2026-02-23T11:23:38","modified_gmt":"2026-02-23T11:23:38","slug":"servicos","status":"publish","type":"page","link":"https:\/\/dev.situati.com.br\/novo\/servicos\/","title":{"rendered":"Servi\u00e7os"},"content":{"rendered":"\t\t<div data-elementor-type=\"wp-page\" data-elementor-id=\"38\" class=\"elementor elementor-38\" data-elementor-post-type=\"page\">\n\t\t\t\t<div class=\"elementor-element elementor-element-f975eeb e-flex e-con-boxed e-con e-parent\" data-id=\"f975eeb\" data-element_type=\"container\" data-e-type=\"container\" data-settings=\"{&quot;background_background&quot;:&quot;classic&quot;}\">\n\t\t\t\t\t<div class=\"e-con-inner\">\n\t\t<div class=\"elementor-element elementor-element-406bb78 e-con-full e-flex e-con e-child\" data-id=\"406bb78\" data-element_type=\"container\" data-e-type=\"container\">\n\t\t\t\t<div class=\"elementor-element elementor-element-f6350ea elementor-widget elementor-widget-heading\" data-id=\"f6350ea\" data-element_type=\"widget\" data-e-type=\"widget\" data-widget_type=\"heading.default\">\n\t\t\t\t\t<h1 class=\"elementor-heading-title elementor-size-default\">Infraestrutura tecnol\u00f3gica desenvolvida com rigor e vis\u00e3o de longo prazo.<\/h1>\t\t\t\t<\/div>\n\t\t\t\t<div class=\"elementor-element elementor-element-9272127 elementor-widget elementor-widget-heading\" data-id=\"9272127\" data-element_type=\"widget\" data-e-type=\"widget\" data-widget_type=\"heading.default\">\n\t\t\t\t\t<p class=\"elementor-heading-title elementor-size-default\">A Situati projeta e opera ecossistemas digitais utilizados por institui\u00e7\u00f5es e organiza\u00e7\u00f5es que exigem estabilidade e seguran\u00e7a.<\/p>\t\t\t\t<\/div>\n\t\t\t\t<\/div>\n\t\t\t\t\t<\/div>\n\t\t\t\t<\/div>\n\t\t<div class=\"elementor-element elementor-element-e119532 e-flex e-con-boxed e-con e-parent\" data-id=\"e119532\" data-element_type=\"container\" data-e-type=\"container\" data-settings=\"{&quot;background_background&quot;:&quot;classic&quot;}\">\n\t\t\t\t\t<div class=\"e-con-inner\">\n\t\t<div class=\"elementor-element elementor-element-3957b2b e-con-full e-flex e-con e-child\" data-id=\"3957b2b\" data-element_type=\"container\" data-e-type=\"container\">\n\t\t<div class=\"elementor-element elementor-element-d872fd1 e-con-full e-flex e-con e-child\" data-id=\"d872fd1\" data-element_type=\"container\" data-e-type=\"container\" data-settings=\"{&quot;background_background&quot;:&quot;classic&quot;}\">\n\t\t\t\t<div class=\"elementor-element elementor-element-5980d06 elementor-view-default elementor-widget elementor-widget-icon\" data-id=\"5980d06\" data-element_type=\"widget\" data-e-type=\"widget\" data-widget_type=\"icon.default\">\n\t\t\t\t\t\t\t<div class=\"elementor-icon-wrapper\">\n\t\t\t<div class=\"elementor-icon\">\n\t\t\t<svg aria-hidden=\"true\" class=\"e-font-icon-svg e-fab-contao\" viewBox=\"0 0 512 512\" xmlns=\"http:\/\/www.w3.org\/2000\/svg\"><path d=\"M45.4 305c14.4 67.1 26.4 129 68.2 175H34c-18.7 0-34-15.2-34-34V66c0-18.7 15.2-34 34-34h57.7C77.9 44.6 65.6 59.2 54.8 75.6c-45.4 70-27 146.8-9.4 229.4zM478 32h-90.2c21.4 21.4 39.2 49.5 52.7 84.1l-137.1 29.3c-14.9-29-37.8-53.3-82.6-43.9-24.6 5.3-41 19.3-48.3 34.6-8.8 18.7-13.2 39.8 8.2 140.3 21.1 100.2 33.7 117.7 49.5 131.2 12.9 11.1 33.4 17 58.3 11.7 44.5-9.4 55.7-40.7 57.4-73.2l137.4-29.6c3.2 71.5-18.7 125.2-57.4 163.6H478c18.7 0 34-15.2 34-34V66c0-18.8-15.2-34-34-34z\"><\/path><\/svg>\t\t\t<\/div>\n\t\t<\/div>\n\t\t\t\t\t\t<\/div>\n\t\t<div class=\"elementor-element elementor-element-d7c1eaa e-con-full e-flex e-con e-child\" data-id=\"d7c1eaa\" data-element_type=\"container\" data-e-type=\"container\">\n\t\t\t\t<div class=\"elementor-element elementor-element-bf0a397 elementor-widget elementor-widget-heading\" data-id=\"bf0a397\" data-element_type=\"widget\" data-e-type=\"widget\" data-widget_type=\"heading.default\">\n\t\t\t\t\t<h3 class=\"elementor-heading-title elementor-size-default\">Plataformas para eventos e congresso\n<\/h3>\t\t\t\t<\/div>\n\t\t\t\t<div class=\"elementor-element elementor-element-a736718 elementor-widget elementor-widget-heading\" data-id=\"a736718\" data-element_type=\"widget\" data-e-type=\"widget\" data-widget_type=\"heading.default\">\n\t\t\t\t\t<p class=\"elementor-heading-title elementor-size-default\">Infraestrutura completa para gest\u00e3o de inscri\u00e7\u00f5es, participantes e opera\u00e7\u00e3o digital integrada\n.<\/p>\t\t\t\t<\/div>\n\t\t\t\t<\/div>\n\t\t\t\t<\/div>\n\t\t<div class=\"elementor-element elementor-element-fce5fd5 e-con-full e-flex e-con e-child\" data-id=\"fce5fd5\" data-element_type=\"container\" data-e-type=\"container\" data-settings=\"{&quot;background_background&quot;:&quot;classic&quot;}\">\n\t\t\t\t<div class=\"elementor-element elementor-element-e8d3552 elementor-view-default elementor-widget elementor-widget-icon\" data-id=\"e8d3552\" data-element_type=\"widget\" data-e-type=\"widget\" data-widget_type=\"icon.default\">\n\t\t\t\t\t\t\t<div class=\"elementor-icon-wrapper\">\n\t\t\t<div class=\"elementor-icon\">\n\t\t\t<svg aria-hidden=\"true\" class=\"e-font-icon-svg e-fab-bandcamp\" viewBox=\"0 0 512 512\" xmlns=\"http:\/\/www.w3.org\/2000\/svg\"><path d=\"M256,8C119,8,8,119,8,256S119,504,256,504,504,393,504,256,393,8,256,8Zm48.2,326.1h-181L207.9,178h181Z\"><\/path><\/svg>\t\t\t<\/div>\n\t\t<\/div>\n\t\t\t\t\t\t<\/div>\n\t\t<div class=\"elementor-element elementor-element-bf2dd0d e-con-full e-flex e-con e-child\" data-id=\"bf2dd0d\" data-element_type=\"container\" data-e-type=\"container\">\n\t\t\t\t<div class=\"elementor-element elementor-element-709e2fd elementor-widget elementor-widget-heading\" data-id=\"709e2fd\" data-element_type=\"widget\" data-e-type=\"widget\" data-widget_type=\"heading.default\">\n\t\t\t\t\t<h3 class=\"elementor-heading-title elementor-size-default\">Portais<br> institucionais<\/h3>\t\t\t\t<\/div>\n\t\t\t\t<div class=\"elementor-element elementor-element-d7f4cdb elementor-widget elementor-widget-heading\" data-id=\"d7f4cdb\" data-element_type=\"widget\" data-e-type=\"widget\" data-widget_type=\"heading.default\">\n\t\t\t\t\t<p class=\"elementor-heading-title elementor-size-default\">Desenvolvimento de plataformas digitais robustas para institui\u00e7\u00f5es e organiza\u00e7\u00f5es.<\/p>\t\t\t\t<\/div>\n\t\t\t\t<\/div>\n\t\t\t\t<\/div>\n\t\t<div class=\"elementor-element elementor-element-5c5c17d e-con-full e-flex e-con e-child\" data-id=\"5c5c17d\" data-element_type=\"container\" data-e-type=\"container\" data-settings=\"{&quot;background_background&quot;:&quot;classic&quot;}\">\n\t\t\t\t<div class=\"elementor-element elementor-element-055ab4f elementor-view-default elementor-widget elementor-widget-icon\" data-id=\"055ab4f\" data-element_type=\"widget\" data-e-type=\"widget\" data-widget_type=\"icon.default\">\n\t\t\t\t\t\t\t<div class=\"elementor-icon-wrapper\">\n\t\t\t<div class=\"elementor-icon\">\n\t\t\t<svg aria-hidden=\"true\" class=\"e-font-icon-svg e-fab-bandcamp\" viewBox=\"0 0 512 512\" xmlns=\"http:\/\/www.w3.org\/2000\/svg\"><path d=\"M256,8C119,8,8,119,8,256S119,504,256,504,504,393,504,256,393,8,256,8Zm48.2,326.1h-181L207.9,178h181Z\"><\/path><\/svg>\t\t\t<\/div>\n\t\t<\/div>\n\t\t\t\t\t\t<\/div>\n\t\t<div class=\"elementor-element elementor-element-3b754ee e-con-full e-flex e-con e-child\" data-id=\"3b754ee\" data-element_type=\"container\" data-e-type=\"container\">\n\t\t\t\t<div class=\"elementor-element elementor-element-713208a elementor-widget elementor-widget-heading\" data-id=\"713208a\" data-element_type=\"widget\" data-e-type=\"widget\" data-widget_type=\"heading.default\">\n\t\t\t\t\t<h3 class=\"elementor-heading-title elementor-size-default\">Moderniza\u00e7\u00e3o tecnol\u00f3gica<\/h3>\t\t\t\t<\/div>\n\t\t\t\t<div class=\"elementor-element elementor-element-43f9ec1 elementor-widget elementor-widget-heading\" data-id=\"43f9ec1\" data-element_type=\"widget\" data-e-type=\"widget\" data-widget_type=\"heading.default\">\n\t\t\t\t\t<p class=\"elementor-heading-title elementor-size-default\">Atualiza\u00e7\u00e3o e reestrutura\u00e7\u00e3o de sistemas existentes para arquiteturas modernas e seguras.<\/p>\t\t\t\t<\/div>\n\t\t\t\t<\/div>\n\t\t\t\t<\/div>\n\t\t\t\t<\/div>\n\t\t\t\t\t<\/div>\n\t\t\t\t<\/div>\n\t\t<div class=\"elementor-element elementor-element-921d12f e-flex e-con-boxed e-con e-parent\" data-id=\"921d12f\" data-element_type=\"container\" data-e-type=\"container\" data-settings=\"{&quot;background_background&quot;:&quot;video&quot;}\">\n\t\t\t\t\t<div class=\"e-con-inner\">\n\t\t<div class=\"elementor-element elementor-element-7e8a890 e-con-full e-flex e-con e-child\" data-id=\"7e8a890\" data-element_type=\"container\" data-e-type=\"container\">\n\t\t<div class=\"elementor-element elementor-element-35b2dd7 e-con-full e-flex e-con e-child\" data-id=\"35b2dd7\" data-element_type=\"container\" data-e-type=\"container\">\n\t\t\t\t<div class=\"elementor-element elementor-element-4a99860 elementor-widget elementor-widget-heading\" data-id=\"4a99860\" data-element_type=\"widget\" data-e-type=\"widget\" data-widget_type=\"heading.default\">\n\t\t\t\t\t<h1 class=\"elementor-heading-title elementor-size-default\">Temos solu\u00e7\u00f5es sob medida para seu projeto<\/h1>\t\t\t\t<\/div>\n\t\t\t\t<div class=\"elementor-element elementor-element-a67024e elementor-widget elementor-widget-heading\" data-id=\"a67024e\" data-element_type=\"widget\" data-e-type=\"widget\" data-widget_type=\"heading.default\">\n\t\t\t\t\t<p class=\"elementor-heading-title elementor-size-default\">Nossa equipe est\u00e1 pronta para entender suas necessidades e projetar a infraestrutura digital ideal\n<\/p>\t\t\t\t<\/div>\n\t\t\t\t<\/div>\n\t\t<div class=\"elementor-element elementor-element-9f8d8c8 e-con-full e-flex e-con e-child\" data-id=\"9f8d8c8\" data-element_type=\"container\" data-e-type=\"container\">\n\t\t\t\t<div class=\"elementor-element elementor-element-5be9b4b elementor-widget elementor-widget-button\" data-id=\"5be9b4b\" data-element_type=\"widget\" data-e-type=\"widget\" data-widget_type=\"button.default\">\n\t\t\t\t\t\t\t\t\t\t<a class=\"elementor-button elementor-button-link elementor-size-sm\" href=\"https:\/\/dev.situati.com.br\/novo\/index.php\/contato\/\">\n\t\t\t\t\t\t<span class=\"elementor-button-content-wrapper\">\n\t\t\t\t\t\t\t\t\t<span class=\"elementor-button-text\">Contato<\/span>\n\t\t\t\t\t<\/span>\n\t\t\t\t\t<\/a>\n\t\t\t\t\t\t\t\t<\/div>\n\t\t\t\t<\/div>\n\t\t\t\t<\/div>\n\t\t\t\t\t<\/div>\n\t\t\t\t<\/div>\n\t\t\t\t<\/div>\n\t\t","protected":false},"excerpt":{"rendered":"<p>Infraestrutura tecnol\u00f3gica desenvolvida com rigor e vis\u00e3o de longo prazo. A Situati projeta e opera ecossistemas digitais utilizados por institui\u00e7\u00f5es e organiza\u00e7\u00f5es que exigem estabilidade e seguran\u00e7a. Plataformas para eventos e congresso Infraestrutura completa para gest\u00e3o de inscri\u00e7\u00f5es, participantes e opera\u00e7\u00e3o digital integrada . Portais institucionais Desenvolvimento de plataformas digitais robustas para institui\u00e7\u00f5es e organiza\u00e7\u00f5es. &#8230; <a title=\"Servi\u00e7os\" class=\"read-more\" href=\"https:\/\/dev.situati.com.br\/novo\/servicos\/\" aria-label=\"Read more about Servi\u00e7os\">Read more<\/a><\/p>\n","protected":false},"author":1,"featured_media":0,"parent":0,"menu_order":0,"comment_status":"closed","ping_status":"closed","template":"elementor_header_footer","meta":{"_acf_changed":false,"footnotes":""},"class_list":["post-38","page","type-page","status-publish"],"acf":[],"_links":{"self":[{"href":"https:\/\/dev.situati.com.br\/novo\/wp-json\/wp\/v2\/pages\/38","targetHints":{"allow":["GET"]}}],"collection":[{"href":"https:\/\/dev.situati.com.br\/novo\/wp-json\/wp\/v2\/pages"}],"about":[{"href":"https:\/\/dev.situati.com.br\/novo\/wp-json\/wp\/v2\/types\/page"}],"author":[{"embeddable":true,"href":"https:\/\/dev.situati.com.br\/novo\/wp-json\/wp\/v2\/users\/1"}],"replies":[{"embeddable":true,"href":"https:\/\/dev.situati.com.br\/novo\/wp-json\/wp\/v2\/comments?post=38"}],"version-history":[{"count":9,"href":"https:\/\/dev.situati.com.br\/novo\/wp-json\/wp\/v2\/pages\/38\/revisions"}],"predecessor-version":[{"id":260,"href":"https:\/\/dev.situati.com.br\/novo\/wp-json\/wp\/v2\/pages\/38\/revisions\/260"}],"wp:attachment":[{"href":"https:\/\/dev.situati.com.br\/novo\/wp-json\/wp\/v2\/media?parent=38"}],"curies":[{"name":"wp","href":"https:\/\/api.w.org\/{rel}","templated":true}]}}