{"id":1827,"date":"2022-03-06T17:24:44","date_gmt":"2022-03-06T14:24:44","guid":{"rendered":"https:\/\/dev.situati.com\/clone\/contact\/"},"modified":"2022-04-04T19:15:00","modified_gmt":"2022-04-04T16:15:00","slug":"fale-conosco","status":"publish","type":"page","link":"https:\/\/dev.situati.com.br\/privacidade\/fale-conosco\/","title":{"rendered":"Fale conosco"},"content":{"rendered":"\t\t<div data-elementor-type=\"wp-page\" data-elementor-id=\"1827\" class=\"elementor elementor-1827\" data-elementor-post-type=\"page\">\n\t\t\t\t\t\t<section class=\"ob-is-breaking-bad elementor-section elementor-top-section elementor-element elementor-element-245943f3 elementor-section-content-middle elementor-section-boxed elementor-section-height-default elementor-section-height-default\" data-id=\"245943f3\" data-element_type=\"section\" data-e-type=\"section\" data-settings=\"{&quot;background_background&quot;:&quot;classic&quot;,&quot;_ob_bbad_use_it&quot;:&quot;yes&quot;,&quot;_ob_bbad_sssic_use&quot;:&quot;no&quot;,&quot;_ob_glider_is_slider&quot;:&quot;no&quot;}\">\n\t\t\t\t\t\t\t<div class=\"elementor-background-overlay\"><\/div>\n\t\t\t\t\t\t\t<div class=\"elementor-container elementor-column-gap-default\">\n\t\t\t\t\t<div class=\"elementor-column elementor-col-50 elementor-top-column elementor-element elementor-element-5604b151\" data-id=\"5604b151\" data-element_type=\"column\" data-e-type=\"column\" data-settings=\"{&quot;_ob_bbad_is_stalker&quot;:&quot;no&quot;,&quot;_ob_teleporter_use&quot;:false,&quot;_ob_column_hoveranimator&quot;:&quot;no&quot;,&quot;_ob_column_has_pseudo&quot;:&quot;no&quot;}\">\n\t\t\t<div class=\"elementor-widget-wrap elementor-element-populated\">\n\t\t\t\t\t\t<div class=\"elementor-element elementor-element-3a76367 ob-harakiri-inherit ob-has-background-overlay elementor-widget elementor-widget-heading\" data-id=\"3a76367\" data-element_type=\"widget\" data-e-type=\"widget\" data-settings=\"{&quot;_ob_use_harakiri&quot;:&quot;yes&quot;,&quot;_ob_harakiri_writing_mode&quot;:&quot;inherit&quot;,&quot;_ob_harakiri_text_clip&quot;:&quot;none&quot;,&quot;_ob_perspektive_use&quot;:&quot;no&quot;,&quot;_ob_poopart_use&quot;:&quot;yes&quot;,&quot;_ob_shadough_use&quot;:&quot;no&quot;,&quot;_ob_allow_hoveranimator&quot;:&quot;no&quot;,&quot;_ob_widget_stalker_use&quot;:&quot;no&quot;}\" data-widget_type=\"heading.default\">\n\t\t\t\t<div class=\"elementor-widget-container\">\n\t\t\t\t\t<h1 class=\"elementor-heading-title elementor-size-default\">Fale conosco<\/h1>\t\t\t\t<\/div>\n\t\t\t\t<\/div>\n\t\t\t\t<div class=\"elementor-element elementor-element-08b6087 ob-harakiri-inherit ob-has-background-overlay elementor-widget elementor-widget-heading\" data-id=\"08b6087\" data-element_type=\"widget\" data-e-type=\"widget\" data-settings=\"{&quot;_ob_use_harakiri&quot;:&quot;yes&quot;,&quot;_ob_harakiri_writing_mode&quot;:&quot;inherit&quot;,&quot;_ob_harakiri_text_clip&quot;:&quot;none&quot;,&quot;_ob_perspektive_use&quot;:&quot;no&quot;,&quot;_ob_poopart_use&quot;:&quot;yes&quot;,&quot;_ob_shadough_use&quot;:&quot;no&quot;,&quot;_ob_allow_hoveranimator&quot;:&quot;no&quot;,&quot;_ob_widget_stalker_use&quot;:&quot;no&quot;}\" data-widget_type=\"heading.default\">\n\t\t\t\t<div class=\"elementor-widget-container\">\n\t\t\t\t\t<h5 class=\"elementor-heading-title elementor-size-default\">Caso precise de qualquer suporte ou tenha alguma d\u00favida, pedido ou sugest\u00e3o em rela\u00e7\u00e3o aos seus dados, entre em contato conosco<\/h5>\t\t\t\t<\/div>\n\t\t\t\t<\/div>\n\t\t\t\t\t<\/div>\n\t\t<\/div>\n\t\t\t\t<div class=\"elementor-column elementor-col-50 elementor-top-column elementor-element elementor-element-5615c785\" data-id=\"5615c785\" data-element_type=\"column\" data-e-type=\"column\" data-settings=\"{&quot;background_background&quot;:&quot;classic&quot;,&quot;_ob_bbad_is_stalker&quot;:&quot;no&quot;,&quot;_ob_teleporter_use&quot;:false,&quot;_ob_column_hoveranimator&quot;:&quot;no&quot;,&quot;_ob_column_has_pseudo&quot;:&quot;no&quot;}\">\n\t\t\t<div class=\"elementor-widget-wrap elementor-element-populated\">\n\t\t\t\t\t<div class=\"elementor-background-overlay\"><\/div>\n\t\t\t\t\t\t<div class=\"elementor-element elementor-element-1c5e7894 ob-has-background-overlay elementor-widget elementor-widget-spacer\" data-id=\"1c5e7894\" data-element_type=\"widget\" data-e-type=\"widget\" data-settings=\"{&quot;_ob_spacerat_use&quot;:&quot;no&quot;,&quot;_ob_perspektive_use&quot;:&quot;no&quot;,&quot;_ob_poopart_use&quot;:&quot;yes&quot;,&quot;_ob_shadough_use&quot;:&quot;no&quot;,&quot;_ob_allow_hoveranimator&quot;:&quot;no&quot;,&quot;_ob_widget_stalker_use&quot;:&quot;no&quot;}\" data-widget_type=\"spacer.default\">\n\t\t\t\t<div class=\"elementor-widget-container\">\n\t\t\t\t\t\t\t<div class=\"elementor-spacer\">\n\t\t\t<div class=\"elementor-spacer-inner\"><\/div>\n\t\t<\/div>\n\t\t\t\t\t\t<\/div>\n\t\t\t\t<\/div>\n\t\t\t\t\t<\/div>\n\t\t<\/div>\n\t\t\t\t\t<\/div>\n\t\t<\/section>\n\t\t\t\t<section class=\"ob-is-breaking-bad elementor-section elementor-top-section elementor-element elementor-element-14cbea86 elementor-section-boxed elementor-section-height-default elementor-section-height-default\" data-id=\"14cbea86\" data-element_type=\"section\" data-e-type=\"section\" data-settings=\"{&quot;_ob_bbad_use_it&quot;:&quot;yes&quot;,&quot;_ob_bbad_sssic_use&quot;:&quot;no&quot;,&quot;_ob_glider_is_slider&quot;:&quot;no&quot;}\">\n\t\t\t\t\t\t<div class=\"elementor-container elementor-column-gap-no\">\n\t\t\t\t\t<div class=\"elementor-column elementor-col-100 elementor-top-column elementor-element elementor-element-35dd58aa\" data-id=\"35dd58aa\" data-element_type=\"column\" data-e-type=\"column\" data-settings=\"{&quot;_ob_bbad_is_stalker&quot;:&quot;no&quot;,&quot;_ob_teleporter_use&quot;:false,&quot;_ob_column_hoveranimator&quot;:&quot;no&quot;,&quot;_ob_column_has_pseudo&quot;:&quot;no&quot;}\">\n\t\t\t<div class=\"elementor-widget-wrap elementor-element-populated\">\n\t\t\t\t\t\t<div class=\"elementor-element elementor-element-63646f13 ob-harakiri-inherit ob-has-background-overlay elementor-widget elementor-widget-text-editor\" data-id=\"63646f13\" data-element_type=\"widget\" data-e-type=\"widget\" data-settings=\"{&quot;_ob_use_harakiri&quot;:&quot;yes&quot;,&quot;_ob_harakiri_writing_mode&quot;:&quot;inherit&quot;,&quot;_ob_postman_use&quot;:&quot;no&quot;,&quot;_ob_perspektive_use&quot;:&quot;no&quot;,&quot;_ob_poopart_use&quot;:&quot;yes&quot;,&quot;_ob_shadough_use&quot;:&quot;no&quot;,&quot;_ob_allow_hoveranimator&quot;:&quot;no&quot;,&quot;_ob_widget_stalker_use&quot;:&quot;no&quot;}\" data-widget_type=\"text-editor.default\">\n\t\t\t\t<div class=\"elementor-widget-container\">\n\t\t\t\t\t\t\t\t\t<p>Por favor, preencha o formul\u00e1rio abaixo. Entraremos em contato o mais breve poss\u00edvel. <\/p>\t\t\t\t\t\t\t\t<\/div>\n\t\t\t\t<\/div>\n\t\t\t\t<div class=\"elementor-element elementor-element-a92f92f ob-has-background-overlay elementor-widget elementor-widget-jet-engine-booking-form\" data-id=\"a92f92f\" data-element_type=\"widget\" data-e-type=\"widget\" data-settings=\"{&quot;_ob_perspektive_use&quot;:&quot;no&quot;,&quot;_ob_poopart_use&quot;:&quot;yes&quot;,&quot;_ob_shadough_use&quot;:&quot;no&quot;,&quot;_ob_allow_hoveranimator&quot;:&quot;no&quot;,&quot;_ob_widget_stalker_use&quot;:&quot;no&quot;}\" data-widget_type=\"jet-engine-booking-form.default\">\n\t\t\t\t<div class=\"elementor-widget-container\">\n\t\t\t\t\t<form  class=\"jet-form layout-column submit-type-reload\" action=\"\/privacidade\/wp-json\/wp\/v2\/pages\/1827?jet_engine_action=book&#038;nocache=1776467290\" method=\"POST\" data-form-id=\"2763\"><input class=\"jet-form__field hidden-field\" type=\"hidden\" name=\"_jet_engine_booking_form_id\" value=\"2763\" data-field-name=\"_jet_engine_booking_form_id\"><input class=\"jet-form__field hidden-field\" type=\"hidden\" name=\"_jet_engine_refer\" value=\"https:\/\/dev.situati.com.br\/privacidade\/wp-json\/wp\/v2\/pages\/1827\" data-field-name=\"_jet_engine_refer\"><div  class=\"jet-form-row jet-form-row--first-visible\"><div class=\"jet-form-col jet-form-col-12  field-type-text  jet-form-field-container\" data-field=\"nome\" data-conditional=\"false\"><div class=\"jet-form__label\">\n\t<span class=\"jet-form__label-text\" >Nome<span class=\"jet-form__required\">*<\/span><\/span>\n\t<\/div><input class=\"jet-form__field text-field \" value=\"\" required=\"required\" name=\"nome\" id=\"nome\" type=\"text\" data-field-name=\"nome\"><\/div><\/div><div  class=\"jet-form-row\"><div class=\"jet-form-col jet-form-col-12  field-type-text  jet-form-field-container\" data-field=\"email\" data-conditional=\"false\"><div class=\"jet-form__label\">\n\t<span class=\"jet-form__label-text\" >E-mail<span class=\"jet-form__required\">*<\/span><\/span>\n\t<\/div><input class=\"jet-form__field text-field \" value=\"\" required=\"required\" name=\"email\" id=\"email\" type=\"email\" data-field-name=\"email\"><\/div><\/div><div  class=\"jet-form-row\"><div class=\"jet-form-col jet-form-col-12  field-type-text  jet-form-field-container\" data-field=\"telefone\" data-conditional=\"false\"><div class=\"jet-form__label\">\n\t<span class=\"jet-form__label-text\" >Telefone<span class=\"jet-form__required\">*<\/span><\/span>\n\t<\/div><input class=\"jet-form__field text-field jet-form__masked-field\" value=\"\" required=\"required\" name=\"telefone\" id=\"telefone\" type=\"text\" data-field-name=\"telefone\" data-inputmask=\"'mask': '(99)99999-9999'\" data-inputmask-placeholder=\"_\" data-inputmask-showmaskonhover=\"false\"><\/div><\/div><div  class=\"jet-form-row\"><div class=\"jet-form-col jet-form-col-12  field-type-textarea  jet-form-field-container\" data-field=\"mensagem\" data-conditional=\"false\"><div class=\"jet-form__label\">\n\t<span class=\"jet-form__label-text\" >Mensagem<span class=\"jet-form__required\">*<\/span><\/span>\n\t<\/div><textarea class=\"jet-form__field textarea-field\" required=\"required\" name=\"mensagem\" data-field-name=\"mensagem\" id=\"mensagem\"><\/textarea><\/div><\/div><div  class=\"jet-form-row\"><div class=\"jet-form-col jet-form-col-12  field-type-checkboxes  jet-form-field-container\" data-field=\"concordo_termos\" data-conditional=\"false\"><div class=\"jet-form__fields-group checkradio-wrap\">\t\t<div class=\"jet-form__field-wrap checkboxes-wrap checkradio-wrap\">\n\t\t\t\t\t\t<label class=\"jet-form__field-label\">\n\t\t\t\t<input\n\t\t\t\t\ttype=\"checkbox\"\n\t\t\t\t\tname=\"concordo_termos\"\n\t\t\t\t\tclass=\"jet-form__field checkboxes-field checkradio-field checkboxes-required\"\n\t\t\t\t\tvalue=\"concordo\"\n\t\t\t\t\tdata-field-name=\"concordo_termos\"\n\t\t\t\t\t\t\t\t\t\trequired=\"required\"\t\t\t\t\t\t\t\t\t>\n\t\t\t\tLi e concordo com a <a href=\"https:\/\/privacidade.situati.com\/vs1\/politica-de-privacidade\/\" target=\"_blank\">&nbsp;Pol\u00edtica de Privacidade<\/a>\t\t\t<\/label>\n\t\t<\/div>\n\t\t<\/div><\/div><\/div><div  class=\"jet-form-row jet-form-row--submit\"><div class=\"jet-form-col jet-form-col-12  field-type-submit  jet-form-field-container\" data-field=\"Submit\" data-conditional=\"false\"><div class=\"jet-form__submit-wrap\">\n\t\t<button class=\"jet-form__submit submit-type-reload\" type=\"submit\">Enviar<\/button>\n<\/div><\/div><\/div><script id=\"jet-engine-recaptcha-js\" src=\"https:\/\/www.google.com\/recaptcha\/api.js?render=6LdRbPgUAAAAAKSrt_UFzK1Bf_ZzBog_zmUZOvwB\"><\/script>\t\t\t<input type=\"hidden\" class=\"captcha-token\" name=\"_captcha_token\" value=\"\">\n\t\t\t<script>\n\n\t\t\t\tif ( ! window.JetEngineFormCaptcha ) {\n\t\t\t\t\twindow.JetEngineFormCaptcha = function( formID ) {\n\t\t\t\t\t\tvar $script  = document.querySelector( 'script#jet-engine-recaptcha-js' ),\n\t\t\t\t\t\t\t$cpField = document.querySelector( 'form[data-form-id=\"' + formID + '\"] .captcha-token' );\n\n\t\t\t\t\t\tfunction setFormToken() {\n\t\t\t\t\t\t\tif ( window.JetEngineFormToken ) {\n\t\t\t\t\t\t\t\t$cpField.value = window.JetEngineFormToken;\n\t\t\t\t\t\t\t} else if ( window.grecaptcha ) {\n\t\t\t\t\t\t\t\twindow.grecaptcha.ready( function() {\n\t\t\t\t\t\t\t\t\tgrecaptcha.execute(\n\t\t\t\t\t\t\t\t\t\t'6LdRbPgUAAAAAKSrt_UFzK1Bf_ZzBog_zmUZOvwB',\n\t\t\t\t\t\t\t\t\t\t{\n\t\t\t\t\t\t\t\t\t\t\taction: 'submit_form'\n\t\t\t\t\t\t\t\t\t\t}\n\t\t\t\t\t\t\t\t\t).then( function( token ) {\n\t\t\t\t\t\t\t\t\t\t$cpField.value = token;\n\t\t\t\t\t\t\t\t\t\twindow.JetEngineFormToken = token;\n\t\t\t\t\t\t\t\t\t} );\n\t\t\t\t\t\t\t\t} );\n\t\t\t\t\t\t\t}\n\t\t\t\t\t\t}\n\n\t\t\t\t\t\tif ( ! $cpField ) {\n\t\t\t\t\t\t\treturn;\n\t\t\t\t\t\t}\n\n\t\t\t\t\t\tif ( ! $script ) {\n\n\t\t\t\t\t\t\t$script = document.createElement( 'script' );\n\n\t\t\t\t\t\t\t$script.id  = 'jet-engine-recaptcha-js';\n\t\t\t\t\t\t\t$script.src = 'https:\/\/www.google.com\/recaptcha\/api.js?render=6LdRbPgUAAAAAKSrt_UFzK1Bf_ZzBog_zmUZOvwB';\n\n\t\t\t\t\t\t\t$cpField.parentNode.insertBefore( $script, $cpField );\n\n\t\t\t\t\t\t\t$script.onload = function() {\n\t\t\t\t\t\t\t\tsetFormToken();\n\t\t\t\t\t\t\t};\n\n\t\t\t\t\t\t} else {\n\t\t\t\t\t\t\tsetFormToken();\n\t\t\t\t\t\t}\n\n\t\t\t\t\t}\n\t\t\t\t}\n\n\t\t\t\twindow.JetEngineFormCaptcha( 2763 );\n\n\t\t\t\tjQuery( window ).on( 'jet-popup\/show-event\/after-show', function () {\n\n\t\t\t\t\twindow.JetEngineFormCaptcha( 2763 );\n\n\t\t\t\t} );\n\t\t\t<\/script>\n\t\t\t<input class=\"jet-form__field hidden-field\" type=\"hidden\" name=\"_jet_engine_nonce\" value=\"b28fd4924e\" data-field-name=\"_jet_engine_nonce\"><\/form>\t\t\t\t<\/div>\n\t\t\t\t<\/div>\n\t\t\t\t\t<\/div>\n\t\t<\/div>\n\t\t\t\t\t<\/div>\n\t\t<\/section>\n\t\t\t\t<\/div>\n\t\t","protected":false},"excerpt":{"rendered":"<p>Fale conosco Caso precise de qualquer suporte ou tenha alguma d\u00favida, pedido ou sugest\u00e3o em rela\u00e7\u00e3o aos seus dados, entre em contato conosco Por favor, preencha o formul\u00e1rio abaixo. Entraremos em contato o mais breve poss\u00edvel. Nome* E-mail* Telefone* Enviar<\/p>\n","protected":false},"author":1,"featured_media":0,"parent":0,"menu_order":0,"comment_status":"closed","ping_status":"closed","template":"elementor_header_footer","meta":{"_acf_changed":false,"inline_featured_image":false,"footnotes":""},"class_list":["post-1827","page","type-page","status-publish"],"acf":[],"_links":{"self":[{"href":"https:\/\/dev.situati.com.br\/privacidade\/wp-json\/wp\/v2\/pages\/1827","targetHints":{"allow":["GET"]}}],"collection":[{"href":"https:\/\/dev.situati.com.br\/privacidade\/wp-json\/wp\/v2\/pages"}],"about":[{"href":"https:\/\/dev.situati.com.br\/privacidade\/wp-json\/wp\/v2\/types\/page"}],"author":[{"embeddable":true,"href":"https:\/\/dev.situati.com.br\/privacidade\/wp-json\/wp\/v2\/users\/1"}],"replies":[{"embeddable":true,"href":"https:\/\/dev.situati.com.br\/privacidade\/wp-json\/wp\/v2\/comments?post=1827"}],"version-history":[{"count":15,"href":"https:\/\/dev.situati.com.br\/privacidade\/wp-json\/wp\/v2\/pages\/1827\/revisions"}],"predecessor-version":[{"id":2766,"href":"https:\/\/dev.situati.com.br\/privacidade\/wp-json\/wp\/v2\/pages\/1827\/revisions\/2766"}],"wp:attachment":[{"href":"https:\/\/dev.situati.com.br\/privacidade\/wp-json\/wp\/v2\/media?parent=1827"}],"curies":[{"name":"wp","href":"https:\/\/api.w.org\/{rel}","templated":true}]}}